{"id":136,"date":"2015-01-31T22:49:23","date_gmt":"2015-01-31T22:49:23","guid":{"rendered":"http:\/\/mnkythemes.com\/craftsman\/?page_id=136"},"modified":"2025-09-08T15:15:46","modified_gmt":"2025-09-08T13:15:46","slug":"contact-2","status":"publish","type":"page","link":"https:\/\/www.lewoodgang.com\/index.php\/contact-2\/","title":{"rendered":"ON EN DISCUTE ?"},"content":{"rendered":"<p>[vc_row bottom=\u00a0\u00bb35px\u00a0\u00bb][vc_column][vc_text_separator title=\u00a0\u00bb<b>PARLONS ENSEMBLE DE VOTRE PROJET ! <\/b>\u00a0\u00bb title_align=\u00a0\u00bbseparator_align_left\u00a0\u00bb color=\u00a0\u00bbcustom\u00a0\u00bb accent_color=\u00a0\u00bb#b78c5a\u00a0\u00bb][vc_column_text css=\u00a0\u00bb.vc_custom_1619041559604{margin-top: 30px !important;}\u00a0\u00bb]Dites-nous ce qui vous ferait plaisir, nous sommes toute ou\u00efe !<\/p>\n<p>Par t\u00e9l\u00e9phone, par message, par mail, c&rsquo;est comme vous voulez, tout nous va ; )[\/vc_column_text][\/vc_column][\/vc_row][vc_row top=\u00a0\u00bb35px\u00a0\u00bb][vc_column width=\u00a0\u00bb1\/3&Prime; css=\u00a0\u00bb.vc_custom_1426022446972{padding-right: 40px !important;}\u00a0\u00bb][mnky_list_item icon_fontawesome=\u00a0\u00bbfas fa-clock\u00a0\u00bb]<span style=\"text-transform: uppercase;\">Horaires d&rsquo;ouverture<\/span>[\/mnky_list_item][vc_empty_space height=\u00a0\u00bb5px\u00a0\u00bb][vc_column_text]<strong>Lundi : <\/strong>9.00 \u00e0 18.00<br \/>\n<strong>Mardi : <\/strong>9.00 \u00e0 18.00<br \/>\n<strong>Mercredi : <\/strong>9.00 \u00e0 18.00<br \/>\n<strong>Jeudi : <\/strong>9.00 \u00e0 18.00<br \/>\n<strong>Vendredi : <\/strong>9.00 \u00e0 18.00<br \/>\n<strong>Samedi : <\/strong>Ferm\u00e9<br \/>\n<strong>Dimanche : <\/strong>Ferm\u00e9[\/vc_column_text][vc_empty_space height=\u00a0\u00bb60px\u00a0\u00bb][mnky_list_item icon_fontawesome=\u00a0\u00bbfas fa-map-marked\u00a0\u00bb]<span style=\"text-transform: uppercase;\">Notre Adresse<\/span>[\/mnky_list_item][vc_empty_space height=\u00a0\u00bb5px\u00a0\u00bb][vc_column_text]1\u00e8re avenue du port Fluvial &#8211;\u00a0Centre des entreprises &#8211; Atelier 2 &#8211;\u00a059118 Wambrechies<\/p>\n<p><strong>Tel:\u00a003 74 47 28 78<\/strong><\/p>\n<p><a href=\"mailto:fabien@lewoodgang.com\"><strong><img loading=\"lazy\" class=\"alignnone wp-image-2297\" src=\"http:\/\/www.lewoodgang.com\/wp-content\/uploads\/2022\/01\/picto-email-p51.png\" alt=\"\" width=\"40\" height=\"41\" srcset=\"https:\/\/www.lewoodgang.com\/wp-content\/uploads\/2022\/01\/picto-email-p51.png 274w, https:\/\/www.lewoodgang.com\/wp-content\/uploads\/2022\/01\/picto-email-p51-150x150.png 150w, https:\/\/www.lewoodgang.com\/wp-content\/uploads\/2022\/01\/picto-email-p51-100x100.png 100w\" sizes=\"(max-width: 40px) 100vw, 40px\" \/>\u00a0Email: <\/strong>fabien@lewoodgang.com<\/a><br \/>\n<strong>\u00a0 <a href=\"http:\/\/m.me\/106995758157888\" target=\"_blank\" rel=\"noopener\"><img loading=\"lazy\" class=\"alignnone wp-image-2298\" src=\"http:\/\/www.lewoodgang.com\/wp-content\/uploads\/2022\/01\/Rebrand-Logo-300x300.png\" alt=\"\" width=\"28\" height=\"28\" srcset=\"https:\/\/www.lewoodgang.com\/wp-content\/uploads\/2022\/01\/Rebrand-Logo-300x300.png 300w, https:\/\/www.lewoodgang.com\/wp-content\/uploads\/2022\/01\/Rebrand-Logo-150x150.png 150w, https:\/\/www.lewoodgang.com\/wp-content\/uploads\/2022\/01\/Rebrand-Logo-100x100.png 100w, https:\/\/www.lewoodgang.com\/wp-content\/uploads\/2022\/01\/Rebrand-Logo.png 400w\" sizes=\"(max-width: 28px) 100vw, 28px\" \/>\u00a0 Messagerie Facebook<\/a>\u00a0<\/strong><\/p>\n<p>&nbsp;<\/p>\n<p>Retrouvez-nous aussi sur les diff\u00e9rentes plateformes :<\/p>\n<p><strong><a href=\"https:\/\/www.instagram.com\/lewoodgang\" target=\"_blank\" rel=\"noopener\"><img loading=\"lazy\" class=\"alignnone wp-image-2296\" src=\"http:\/\/www.lewoodgang.com\/wp-content\/uploads\/2022\/01\/instagram-icone-nouveau_1057-2227-300x300.jpg\" alt=\"\" width=\"37\" height=\"37\" srcset=\"https:\/\/www.lewoodgang.com\/wp-content\/uploads\/2022\/01\/instagram-icone-nouveau_1057-2227-300x300.jpg 300w, https:\/\/www.lewoodgang.com\/wp-content\/uploads\/2022\/01\/instagram-icone-nouveau_1057-2227-150x150.jpg 150w, https:\/\/www.lewoodgang.com\/wp-content\/uploads\/2022\/01\/instagram-icone-nouveau_1057-2227-100x100.jpg 100w, https:\/\/www.lewoodgang.com\/wp-content\/uploads\/2022\/01\/instagram-icone-nouveau_1057-2227.jpg 338w\" sizes=\"(max-width: 37px) 100vw, 37px\" \/><\/a>\u00a0<a href=\"https:\/\/www.instagram.com\/lewoodgang\" target=\"_blank\" rel=\"noopener\">su<\/a><\/strong><strong><a href=\"https:\/\/www.instagram.com\/lewoodgang\" target=\"_blank\" rel=\"noopener\">r Instagram<\/a><\/strong><\/p>\n<p><strong><a href=\"http:\/\/facebook.com\/Le-Wood-Gang-106995758157888\" target=\"_blank\" rel=\"noopener\"><img loading=\"lazy\" class=\"alignnone wp-image-2295\" src=\"http:\/\/www.lewoodgang.com\/wp-content\/uploads\/2022\/01\/facebook-770688_640-300x300.png\" alt=\"\" width=\"28\" height=\"28\" srcset=\"https:\/\/www.lewoodgang.com\/wp-content\/uploads\/2022\/01\/facebook-770688_640-300x300.png 300w, https:\/\/www.lewoodgang.com\/wp-content\/uploads\/2022\/01\/facebook-770688_640-150x150.png 150w, https:\/\/www.lewoodgang.com\/wp-content\/uploads\/2022\/01\/facebook-770688_640-600x600.png 600w, https:\/\/www.lewoodgang.com\/wp-content\/uploads\/2022\/01\/facebook-770688_640-100x100.png 100w, https:\/\/www.lewoodgang.com\/wp-content\/uploads\/2022\/01\/facebook-770688_640.png 640w\" sizes=\"(max-width: 28px) 100vw, 28px\" \/>\u00a0 \u00a0sur Facebook \ud83d\ude42<br \/>\n<\/a><\/strong>[\/vc_column_text][vc_empty_space height=\u00a0\u00bb60px\u00a0\u00bb][\/vc_column][vc_column width=\u00a0\u00bb2\/3&Prime;]<div role=\"form\" class=\"wpcf7\" id=\"wpcf7-f43-o1\" lang=\"fr-FR\" dir=\"ltr\">\n<div class=\"screen-reader-response\"><p role=\"status\" aria-live=\"polite\" aria-atomic=\"true\"><\/p> <ul><\/ul><\/div>\n<form action=\"\/index.php\/wp-json\/wp\/v2\/pages\/136#wpcf7-f43-o1\" method=\"post\" class=\"wpcf7-form init\" novalidate=\"novalidate\" data-status=\"init\">\n<div style=\"display: none;\">\n<input type=\"hidden\" name=\"_wpcf7\" value=\"43\" \/>\n<input type=\"hidden\" name=\"_wpcf7_version\" value=\"5.4\" \/>\n<input type=\"hidden\" name=\"_wpcf7_locale\" value=\"fr_FR\" \/>\n<input type=\"hidden\" name=\"_wpcf7_unit_tag\" value=\"wpcf7-f43-o1\" \/>\n<input type=\"hidden\" name=\"_wpcf7_container_post\" value=\"0\" \/>\n<input type=\"hidden\" name=\"_wpcf7_posted_data_hash\" value=\"\" \/>\n<\/div>\n<p><span class=\"wpcf7-form-control-wrap your-name\"><input type=\"text\" name=\"your-name\" value=\"\" size=\"40\" class=\"wpcf7-form-control wpcf7-text wpcf7-validates-as-required\" aria-required=\"true\" aria-invalid=\"false\" placeholder=\"Pr\u00e9nom-NOM\" \/><\/span> <\/p>\n<p><span class=\"wpcf7-form-control-wrap your-email\"><input type=\"email\" name=\"your-email\" value=\"\" size=\"40\" class=\"wpcf7-form-control wpcf7-text wpcf7-email wpcf7-validates-as-required wpcf7-validates-as-email\" aria-required=\"true\" aria-invalid=\"false\" placeholder=\"Email\" \/><\/span> <\/p>\n<p><span class=\"wpcf7-form-control-wrap your-subject\"><input type=\"text\" name=\"your-subject\" value=\"\" size=\"40\" class=\"wpcf7-form-control wpcf7-text\" aria-invalid=\"false\" placeholder=\"Sujet\" \/><\/span><\/p>\n<p><span class=\"wpcf7-form-control-wrap your-message\"><textarea name=\"your-message\" cols=\"40\" rows=\"10\" class=\"wpcf7-form-control wpcf7-textarea\" aria-invalid=\"false\" placeholder=\"Expliquez nous tout !\"><\/textarea><\/span><\/p>\n<p><input type=\"submit\" value=\"Envoyer au Gang\" class=\"wpcf7-form-control wpcf7-submit\" \/><\/p>\n<div class=\"wpcf7-response-output\" aria-hidden=\"true\"><\/div><\/form><\/div>[\/vc_column][\/vc_row]<\/p>\n","protected":false},"excerpt":{"rendered":"<p>[vc_row bottom=\u00a0\u00bb35px\u00a0\u00bb][vc_column][vc_text_separator title=\u00a0\u00bbPARLONS ENSEMBLE DE VOTRE PROJET ! \u00a0\u00bb title_align=\u00a0\u00bbseparator_align_left\u00a0\u00bb color=\u00a0\u00bbcustom\u00a0\u00bb accent_color=\u00a0\u00bb#b78c5a\u00a0\u00bb][vc_column_text css=\u00a0\u00bb.vc_custom_1619041559604{margin-top: 30px !important;}\u00a0\u00bb]Dites-nous ce qui vous ferait plaisir, nous sommes toute ou\u00efe ! Par t\u00e9l\u00e9phone, par message, par mail, c&rsquo;est comme vous voulez, tout nous va ; )[\/vc_column_text][\/vc_column][\/vc_row][vc_row top=\u00a0\u00bb35px\u00a0\u00bb][vc_column width=\u00a0\u00bb1\/3&Prime; css=\u00a0\u00bb.vc_custom_1426022446972{padding-right: 40px !important;}\u00a0\u00bb][mnky_list_item icon_fontawesome=\u00a0\u00bbfas fa-clock\u00a0\u00bb]Horaires d&rsquo;ouverture[\/mnky_list_item][vc_empty_space height=\u00a0\u00bb5px\u00a0\u00bb][vc_column_text]Lundi : 9.00 \u00e0 18.00 Mardi : [&hellip;]<\/p>\n","protected":false},"author":1,"featured_media":0,"parent":0,"menu_order":0,"comment_status":"open","ping_status":"open","template":"page-full-width.php","meta":[],"_links":{"self":[{"href":"https:\/\/www.lewoodgang.com\/index.php\/wp-json\/wp\/v2\/pages\/136"}],"collection":[{"href":"https:\/\/www.lewoodgang.com\/index.php\/wp-json\/wp\/v2\/pages"}],"about":[{"href":"https:\/\/www.lewoodgang.com\/index.php\/wp-json\/wp\/v2\/types\/page"}],"author":[{"embeddable":true,"href":"https:\/\/www.lewoodgang.com\/index.php\/wp-json\/wp\/v2\/users\/1"}],"replies":[{"embeddable":true,"href":"https:\/\/www.lewoodgang.com\/index.php\/wp-json\/wp\/v2\/comments?post=136"}],"version-history":[{"count":22,"href":"https:\/\/www.lewoodgang.com\/index.php\/wp-json\/wp\/v2\/pages\/136\/revisions"}],"predecessor-version":[{"id":2319,"href":"https:\/\/www.lewoodgang.com\/index.php\/wp-json\/wp\/v2\/pages\/136\/revisions\/2319"}],"wp:attachment":[{"href":"https:\/\/www.lewoodgang.com\/index.php\/wp-json\/wp\/v2\/media?parent=136"}],"curies":[{"name":"wp","href":"https:\/\/api.w.org\/{rel}","templated":true}]}}