{"id":1721,"date":"2021-03-25T17:52:55","date_gmt":"2021-03-25T16:52:55","guid":{"rendered":"http:\/\/woodanv.cluster026.hosting.ovh.net\/?page_id=1721"},"modified":"2021-04-30T09:38:20","modified_gmt":"2021-04-30T07:38:20","slug":"amenagement-interieur","status":"publish","type":"page","link":"https:\/\/www.lewoodgang.com\/index.php\/amenagement-interieur\/","title":{"rendered":"Am\u00e9nagement int\u00e9rieur"},"content":{"rendered":"<p>[vc_row top=\u00a0\u00bb100px\u00a0\u00bb bottom=\u00a0\u00bb0px\u00a0\u00bb section_id=\u00a0\u00bbelements\u00a0\u00bb][vc_column][vc_text_separator title=\u00a0\u00bb<b>WOOD &amp; THE MAISON<\/b>\u00a0\u00bb title_align=\u00a0\u00bbseparator_align_left\u00a0\u00bb color=\u00a0\u00bbcustom\u00a0\u00bb accent_color=\u00a0\u00bb#b78c5a\u00a0\u00bb][vc_column_text css=\u00a0\u00bb.vc_custom_1619038846915{margin-top: 30px !important;}\u00a0\u00bb]Vous avez envie d&rsquo;am\u00e9nager un espace sympa dans la maison ?<\/p>\n<p>\u00c7a tombe bien, on a plein d&rsquo;id\u00e9es \u00e0 partager avec vous ! Un coin biblioth\u00e8que, des rangements sous les combles, une porte secr\u00e8te, un lit cabane\u2026 Un mot de vous et on arrive ![\/vc_column_text][\/vc_column][\/vc_row][vc_row top=\u00a0\u00bb100px\u00a0\u00bb bottom=\u00a0\u00bb20px\u00a0\u00bb content_width=\u00a0\u00bb940&Prime;][vc_column width=\u00a0\u00bb1\/2&Prime;][vc_single_image image=\u00a0\u00bb2066&Prime; img_size=\u00a0\u00bblarge\u00a0\u00bb add_caption=\u00a0\u00bbyes\u00a0\u00bb alignment=\u00a0\u00bbcenter\u00a0\u00bb onclick=\u00a0\u00bbcustom_link\u00a0\u00bb link=\u00a0\u00bbhttps:\/\/www.woodandthegang.com\/index.php\/amenagement-interieur\/amenagement-interieur-kids\/\u00a0\u00bb][vc_btn title=\u00a0\u00bbAm\u00e9nagement int\u00e9rieur pour les kids\u00a0\u00bb style=\u00a0\u00bbflat\u00a0\u00bb shape=\u00a0\u00bbsquare\u00a0\u00bb color=\u00a0\u00bbblack\u00a0\u00bb size=\u00a0\u00bblg\u00a0\u00bb align=\u00a0\u00bbcenter\u00a0\u00bb button_block=\u00a0\u00bbtrue\u00a0\u00bb link=\u00a0\u00bburl:https%3A%2F%2Fwww.woodandthegang.com%2Findex.php%2Famenagement-interieur%2Famenagement-interieur-kids%2F|title:amenagement-interieur-kids\u00a0\u00bb][\/vc_column][vc_column width=\u00a0\u00bb1\/2&Prime;][vc_single_image image=\u00a0\u00bb2056&Prime; img_size=\u00a0\u00bblarge\u00a0\u00bb add_caption=\u00a0\u00bbyes\u00a0\u00bb alignment=\u00a0\u00bbcenter\u00a0\u00bb onclick=\u00a0\u00bbcustom_link\u00a0\u00bb link=\u00a0\u00bbhttps:\/\/www.woodandthegang.com\/index.php\/amenagement-interieur\/amenagement-interieur-famille\/\u00a0\u00bb][vc_btn title=\u00a0\u00bbAm\u00e9nagement int\u00e9rieur pour la famille\u00a0\u00bb style=\u00a0\u00bbflat\u00a0\u00bb shape=\u00a0\u00bbsquare\u00a0\u00bb color=\u00a0\u00bbblack\u00a0\u00bb size=\u00a0\u00bblg\u00a0\u00bb align=\u00a0\u00bbcenter\u00a0\u00bb button_block=\u00a0\u00bbtrue\u00a0\u00bb link=\u00a0\u00bburl:https%3A%2F%2Fwww.woodandthegang.com%2Findex.php%2Famenagement-interieur%2Famenagement-interieur-famille%2F|title:univers%20famille\u00a0\u00bb][\/vc_column][\/vc_row][vc_row textalign=\u00a0\u00bbright\u00a0\u00bb row_show_on=\u00a0\u00bbhide_tablet_portrait,hide_mobile_landscape,hide_mobile_portrait\u00a0\u00bb bg_color=\u00a0\u00bb#d1b7a3&Prime; font_color=\u00a0\u00bb#ffffff\u00a0\u00bb][vc_column width=\u00a0\u00bb2\/3&Prime;][vc_column_text]<\/p>\n<p style=\"text-align: left;\"><span style=\"font-size: 20px;\">N&rsquo;h\u00e9sitez pas \u00e0 nous contacter pour nous faire part de vos projets !<\/span><\/p>\n<p>[\/vc_column_text][\/vc_column][vc_column width=\u00a0\u00bb1\/3&Prime;][mnky_button title=\u00a0\u00bbcontacter le gang\u00a0\u00bb bg_color=\u00a0\u00bb#b78c5a\u00a0\u00bb color=\u00a0\u00bb#ffffff\u00a0\u00bb bg_hover_color=\u00a0\u00bbflat-black\u00a0\u00bb icon_type=\u00a0\u00bbfontawesome\u00a0\u00bb icon_fontawesome=\u00a0\u00bbfas fa-address-book\u00a0\u00bb link=\u00a0\u00bburl:http%3A%2F%2Fwww.woodandthegang.com%2Findex.php%2Fcontact-2%2F|title:Contacter%20le%20gang\u00a0\u00bb][\/vc_column][\/vc_row]<\/p>\n","protected":false},"excerpt":{"rendered":"<p>[vc_row top=\u00a0\u00bb100px\u00a0\u00bb bottom=\u00a0\u00bb0px\u00a0\u00bb section_id=\u00a0\u00bbelements\u00a0\u00bb][vc_column][vc_text_separator title=\u00a0\u00bbWOOD &amp; THE MAISON\u00a0\u00bb title_align=\u00a0\u00bbseparator_align_left\u00a0\u00bb color=\u00a0\u00bbcustom\u00a0\u00bb accent_color=\u00a0\u00bb#b78c5a\u00a0\u00bb][vc_column_text css=\u00a0\u00bb.vc_custom_1619038846915{margin-top: 30px !important;}\u00a0\u00bb]Vous avez envie d&rsquo;am\u00e9nager un espace sympa dans la maison ? \u00c7a tombe bien, on a plein d&rsquo;id\u00e9es \u00e0 partager avec vous ! Un coin biblioth\u00e8que, des rangements sous les combles, une porte secr\u00e8te, un lit cabane\u2026 Un mot de vous et [&hellip;]<\/p>\n","protected":false},"author":1,"featured_media":0,"parent":0,"menu_order":0,"comment_status":"open","ping_status":"open","template":"page-full-width.php","meta":[],"_links":{"self":[{"href":"https:\/\/www.lewoodgang.com\/index.php\/wp-json\/wp\/v2\/pages\/1721"}],"collection":[{"href":"https:\/\/www.lewoodgang.com\/index.php\/wp-json\/wp\/v2\/pages"}],"about":[{"href":"https:\/\/www.lewoodgang.com\/index.php\/wp-json\/wp\/v2\/types\/page"}],"author":[{"embeddable":true,"href":"https:\/\/www.lewoodgang.com\/index.php\/wp-json\/wp\/v2\/users\/1"}],"replies":[{"embeddable":true,"href":"https:\/\/www.lewoodgang.com\/index.php\/wp-json\/wp\/v2\/comments?post=1721"}],"version-history":[{"count":39,"href":"https:\/\/www.lewoodgang.com\/index.php\/wp-json\/wp\/v2\/pages\/1721\/revisions"}],"predecessor-version":[{"id":2272,"href":"https:\/\/www.lewoodgang.com\/index.php\/wp-json\/wp\/v2\/pages\/1721\/revisions\/2272"}],"wp:attachment":[{"href":"https:\/\/www.lewoodgang.com\/index.php\/wp-json\/wp\/v2\/media?parent=1721"}],"curies":[{"name":"wp","href":"https:\/\/api.w.org\/{rel}","templated":true}]}}