{"id":1800,"date":"2015-01-21T12:05:02","date_gmt":"2015-01-21T12:05:02","guid":{"rendered":"http:\/\/mnkythemes.com\/craftsman\/?page_id=7"},"modified":"2025-09-26T15:52:18","modified_gmt":"2025-09-26T13:52:18","slug":"home-2","status":"publish","type":"page","link":"https:\/\/www.lewoodgang.com\/","title":{"rendered":"Home"},"content":{"rendered":"<p>[vc_row top=\u00a0\u00bb0px\u00a0\u00bb bottom=\u00a0\u00bb0px\u00a0\u00bb][vc_column][vc_raw_html]JTVCcmV2X3NsaWRlciUyMGFsaWFzJTNEJTIyaG9tZS1zbGlkZXIlMjIlNUQlNUIlMkZyZXZfc2xpZGVyJTVE[\/vc_raw_html][\/vc_column][\/vc_row][vc_row][vc_column][vc_text_separator title=\u00a0\u00bb<b>ET CONCR\u00c8TEMENT, \u00c7A DONNE QUOI ?<\/b>\u00a0\u00bb title_align=\u00a0\u00bbseparator_align_left\u00a0\u00bb color=\u00a0\u00bbcustom\u00a0\u00bb accent_color=\u00a0\u00bb#b78c5a\u00a0\u00bb][vc_column_text css=\u00a0\u00bb.vc_custom_1618912698770{margin-top: 30px !important;}\u00a0\u00bb]\u00c7a donne des coins biblioth\u00e8ques, des hidden TV, des rangements sous l&rsquo;escalier, des portes secr\u00e8tes, des murs d&rsquo;escalades pour la maison, et des espaces de jeux, des coins d\u00e9tente, des cabanes, des poulaillers, des potagers pour le jardin.<\/p>\n<p>Bref, \u00e7a donne des am\u00e9nagements en bois sur-mesure, made in France, \u00e9co-responsables, indoor et outdoor, pour tout votre gang ![\/vc_column_text][\/vc_column][\/vc_row][vc_row][vc_column css=\u00a0\u00bb.vc_custom_1618912822514{margin-bottom: 0px !important;}\u00a0\u00bb][vc_text_separator title=\u00a0\u00bb\u00a0\u00bb title_align=\u00a0\u00bbseparator_align_left\u00a0\u00bb color=\u00a0\u00bbcustom\u00a0\u00bb accent_color=\u00a0\u00bb#b78c5a\u00a0\u00bb][mnky_colored_box align=\u00a0\u00bbaligncenter\u00a0\u00bb bg_color=\u00a0\u00bb#ffffff\u00a0\u00bb border_color=\u00a0\u00bb#ffffff\u00a0\u00bb]Besoin d&rsquo;un RDV directement \u00e0 domicile ?\ud83d\udd28\u2728<\/p>\n<p>Chez Le Wood Gang, on simplifie vos d\u00e9marches !<br \/>\nVous pouvez d\u00e9sormais r\u00e9server directement en ligne un cr\u00e9neau pour votre devis \u00e0 domicile.<br \/>\nS\u00e9lectionnez l\u2019heure qui vous arrange, remplissez les infos et on s&rsquo;occupe du reste \ud83d\udc4c<\/p>\n<p><a style=\"background-color: #b78c5a; color: white; padding: 12px 20px; border-radius: 8px; text-decoration: none; font-weight: bold; font-family: sans-serif; display: inline-block; width: 100%; max-width: 320px; text-align: center;\" href=\"https:\/\/calendly.com\/lewoodgang\/1er_rdv\" target=\"_blank\" rel=\"noopener\"><br \/>\nPrendre un rendez-vous devis \u00e0 domicile<br \/>\n<\/a>[\/mnky_colored_box][mnky_colored_box align=\u00a0\u00bbaligncenter\u00a0\u00bb bg_color=\u00a0\u00bb#ffffff\u00a0\u00bb border_color=\u00a0\u00bb#ffffff\u00a0\u00bb]N&rsquo;h\u00e9sitez pas, vous pouvez aussi voir directement nos derni\u00e8res r\u00e9alisations sur nos r\u00e9seaux \ud83d\ude42<\/p>\n<div style=\"display: flex; justify-content: center; align-items: center; gap: 30px; padding: 20px 0; background: #fff;\"><a class=\"facebook-icon\" style=\"display: flex; justify-content: center; align-items: center; width: 100px; height: 100px; border-radius: 50%; background: #fff; color: #bcbcbc; font-size: 48px; text-decoration: none; transition: all .3s; box-shadow: 0 2px 6px rgba(0,0,0,.1);\" href=\"https:\/\/www.facebook.com\/p\/Le-Wood-Gang-100066528614590\/\" target=\"_blank\" rel=\"noopener\"><br \/>\n<i class=\"fa fa-facebook\"><\/i><br \/>\n<\/a><br \/>\n<a class=\"instagram-icon\" style=\"display: flex; justify-content: center; align-items: center; width: 100px; height: 100px; border-radius: 50%; background: #fff; color: #b78c5a; font-size: 48px; text-decoration: none; transition: all .3s; box-shadow: 0 2px 6px rgba(0,0,0,.1);\" href=\"https:\/\/www.instagram.com\/lewoodgang\" target=\"_blank\" rel=\"noopener\"><br \/>\n<i class=\"fa fa-instagram\"><\/i><br \/>\n<\/a><\/div>\n<style>\n.facebook-icon:hover {color:#b78c5a;background:#f5f5f5;transform:scale(1.1);}<br \/>.instagram-icon:hover {color:#E1306C;background:#f5f5f5;transform:scale(1.1);}<br \/><\/style>\n<p>[\/mnky_colored_box][\/vc_column][\/vc_row][vc_row font_weight=\u00a0\u00bblighter\u00a0\u00bb top=\u00a0\u00bb60px\u00a0\u00bb bottom=\u00a0\u00bb50px\u00a0\u00bb][vc_column width=\u00a0\u00bb1\/3&Prime;][vc_single_image image=\u00a0\u00bb2033&Prime; img_size=\u00a0\u00bblarge\u00a0\u00bb onclick=\u00a0\u00bbcustom_link\u00a0\u00bb link=\u00a0\u00bbhttp:\/\/www.woodandthegang.com\/index.php\/amenagement-exterieur\/\u00a0\u00bb][vc_btn title=\u00a0\u00bbVoir les am\u00e9nagements ext\u00e9rieurs\u00a0\u00bb style=\u00a0\u00bbflat\u00a0\u00bb shape=\u00a0\u00bbsquare\u00a0\u00bb color=\u00a0\u00bbblack\u00a0\u00bb size=\u00a0\u00bblg\u00a0\u00bb align=\u00a0\u00bbcenter\u00a0\u00bb button_block=\u00a0\u00bbtrue\u00a0\u00bb link=\u00a0\u00bburl:http%3A%2F%2Fwww.woodandthegang.com%2Findex.php%2Famenagement-exterieur%2F|title:Am%C3%A9nagement%20exterieur\u00a0\u00bb][\/vc_column][vc_column width=\u00a0\u00bb1\/3&Prime;][vc_single_image image=\u00a0\u00bb2066&Prime; img_size=\u00a0\u00bblarge\u00a0\u00bb onclick=\u00a0\u00bbcustom_link\u00a0\u00bb link=\u00a0\u00bbhttps:\/\/www.woodandthegang.com\/index.php\/amenagement-interieur\/chambre-enfants\/\u00a0\u00bb][vc_btn title=\u00a0\u00bbVoir les chambres enfant\u00a0\u00bb style=\u00a0\u00bbflat\u00a0\u00bb shape=\u00a0\u00bbsquare\u00a0\u00bb color=\u00a0\u00bbblack\u00a0\u00bb size=\u00a0\u00bblg\u00a0\u00bb align=\u00a0\u00bbcenter\u00a0\u00bb button_block=\u00a0\u00bbtrue\u00a0\u00bb link=\u00a0\u00bburl:https%3A%2F%2Fwww.woodandthegang.com%2Findex.php%2Famenagement-interieur%2Fchambre-enfants%2F|title:chambre%20enfants\u00a0\u00bb][\/vc_column][vc_column width=\u00a0\u00bb1\/3&Prime;][vc_single_image image=\u00a0\u00bb2056&Prime; img_size=\u00a0\u00bblarge\u00a0\u00bb onclick=\u00a0\u00bbcustom_link\u00a0\u00bb link=\u00a0\u00bbhttps:\/\/www.woodandthegang.com\/index.php\/amenagement-interieur\/\u00a0\u00bb][vc_btn title=\u00a0\u00bbVoir les am\u00e9nagements int\u00e9rieurs\u00a0\u00bb style=\u00a0\u00bbflat\u00a0\u00bb shape=\u00a0\u00bbsquare\u00a0\u00bb color=\u00a0\u00bbblack\u00a0\u00bb size=\u00a0\u00bblg\u00a0\u00bb align=\u00a0\u00bbcenter\u00a0\u00bb button_block=\u00a0\u00bbtrue\u00a0\u00bb link=\u00a0\u00bburl:https%3A%2F%2Fwww.woodandthegang.com%2Findex.php%2Famenagement-interieur%2F|title:Am%C3%A9nagement%20int%C3%A9rieur\u00a0\u00bb][\/vc_column][\/vc_row][vc_row row_seperator=\u00a0\u00bbrow-line-seperator\u00a0\u00bb top=\u00a0\u00bb100px\u00a0\u00bb bottom=\u00a0\u00bb100px\u00a0\u00bb bg_color=\u00a0\u00bb#f9f9f9&Prime;][vc_column css=\u00a0\u00bb.vc_custom_1618912804466{margin-top: 0px !important;}\u00a0\u00bb][vc_row_inner][vc_column_inner width=\u00a0\u00bb1\/3&Prime; css=\u00a0\u00bb.vc_custom_1618912879453{border-right-width: 1px !important;border-bottom-width: 1px !important;padding-right: 40px !important;padding-bottom: 40px !important;padding-left: 40px !important;border-right-color: #ffffff !important;border-right-style: solid !important;border-bottom-color: #ffffff !important;border-bottom-style: solid !important;}\u00a0\u00bb][mnky_service icon_type=\u00a0\u00bbentypo\u00a0\u00bb title=\u00a0\u00bbDEVIS SUR MESURE GRATUIT\u00a0\u00bb position=\u00a0\u00bbsb_center\u00a0\u00bb css_animation=\u00a0\u00bbappear\u00a0\u00bb icon_entypo=\u00a0\u00bbentypo-icon entypo-icon-tools\u00a0\u00bb]Tous nos devis sont gratuits et r\u00e9alis\u00e9s sur place\u2026<br \/>\nparce qu&rsquo;on trouve \u00e7a normal ![\/mnky_service][\/vc_column_inner][vc_column_inner width=\u00a0\u00bb1\/3&Prime; css=\u00a0\u00bb.vc_custom_1618912886294{border-right-width: 1px !important;border-bottom-width: 1px !important;padding-right: 40px !important;padding-bottom: 40px !important;padding-left: 40px !important;border-right-color: #ffffff !important;border-right-style: solid !important;border-bottom-color: #ffffff !important;border-bottom-style: solid !important;}\u00a0\u00bb][mnky_service icon_type=\u00a0\u00bbentypo\u00a0\u00bb title=\u00a0\u00bb\u00c9CO-RESPONSABLE\u00a0\u00bb position=\u00a0\u00bbsb_center\u00a0\u00bb css_animation=\u00a0\u00bbappear\u00a0\u00bb css_animation_delay=\u00a0\u00bbdelay-200&Prime; icon_entypo=\u00a0\u00bbentypo-icon entypo-icon-leaf\u00a0\u00bb]Tous nos mat\u00e9riaux r\u00e9pondent aux normes FSC et PEFC\u2026<br \/>\nparce qu&rsquo;on aime notre plan\u00e8te ![\/mnky_service][\/vc_column_inner][vc_column_inner width=\u00a0\u00bb1\/3&Prime; css=\u00a0\u00bb.vc_custom_1618912893575{border-bottom-width: 1px !important;padding-right: 40px !important;padding-bottom: 40px !important;padding-left: 40px !important;border-bottom-color: #ffffff !important;border-bottom-style: solid !important;}\u00a0\u00bb][mnky_service icon_type=\u00a0\u00bbentypo\u00a0\u00bb title=\u00a0\u00bbSOURCE D&rsquo;INSPIRATION\u00a0\u00bb position=\u00a0\u00bbsb_center\u00a0\u00bb css_animation=\u00a0\u00bbappear\u00a0\u00bb css_animation_delay=\u00a0\u00bbdelay-400&Prime; icon_entypo=\u00a0\u00bbentypo-icon entypo-icon-heart\u00a0\u00bb]Toutes nos inspirations sont \u00e0 votre disposition pour vous aider\u2026<br \/>\nparce qu&rsquo;on aime partager notre passion ![\/mnky_service][\/vc_column_inner][\/vc_row_inner][\/vc_column][\/vc_row]<\/p>\n","protected":false},"excerpt":{"rendered":"<p>[vc_row top=\u00a0\u00bb0px\u00a0\u00bb bottom=\u00a0\u00bb0px\u00a0\u00bb][vc_column][vc_raw_html]JTVCcmV2X3NsaWRlciUyMGFsaWFzJTNEJTIyaG9tZS1zbGlkZXIlMjIlNUQlNUIlMkZyZXZfc2xpZGVyJTVE[\/vc_raw_html][\/vc_column][\/vc_row][vc_row][vc_column][vc_text_separator title=\u00a0\u00bbET CONCR\u00c8TEMENT, \u00c7A DONNE QUOI ?\u00a0\u00bb title_align=\u00a0\u00bbseparator_align_left\u00a0\u00bb color=\u00a0\u00bbcustom\u00a0\u00bb accent_color=\u00a0\u00bb#b78c5a\u00a0\u00bb][vc_column_text css=\u00a0\u00bb.vc_custom_1618912698770{margin-top: 30px !important;}\u00a0\u00bb]\u00c7a donne des coins biblioth\u00e8ques, des hidden TV, des rangements sous l&rsquo;escalier, des portes secr\u00e8tes, des murs d&rsquo;escalades pour la maison, et des espaces de jeux, des coins d\u00e9tente, des cabanes, des poulaillers, des potagers pour le jardin. Bref, \u00e7a donne [&hellip;]<\/p>\n","protected":false},"author":1,"featured_media":0,"parent":0,"menu_order":1,"comment_status":"open","ping_status":"open","template":"page-full-width.php","meta":[],"_links":{"self":[{"href":"https:\/\/www.lewoodgang.com\/index.php\/wp-json\/wp\/v2\/pages\/1800"}],"collection":[{"href":"https:\/\/www.lewoodgang.com\/index.php\/wp-json\/wp\/v2\/pages"}],"about":[{"href":"https:\/\/www.lewoodgang.com\/index.php\/wp-json\/wp\/v2\/types\/page"}],"author":[{"embeddable":true,"href":"https:\/\/www.lewoodgang.com\/index.php\/wp-json\/wp\/v2\/users\/1"}],"replies":[{"embeddable":true,"href":"https:\/\/www.lewoodgang.com\/index.php\/wp-json\/wp\/v2\/comments?post=1800"}],"version-history":[{"count":79,"href":"https:\/\/www.lewoodgang.com\/index.php\/wp-json\/wp\/v2\/pages\/1800\/revisions"}],"predecessor-version":[{"id":2306,"href":"https:\/\/www.lewoodgang.com\/index.php\/wp-json\/wp\/v2\/pages\/1800\/revisions\/2306"}],"wp:attachment":[{"href":"https:\/\/www.lewoodgang.com\/index.php\/wp-json\/wp\/v2\/media?parent=1800"}],"curies":[{"name":"wp","href":"https:\/\/api.w.org\/{rel}","templated":true}]}}